{"id":13,"date":"2017-02-08T15:19:24","date_gmt":"2017-02-08T14:19:24","guid":{"rendered":"http:\/\/www.team4teen.cz\/family\/?page_id=13"},"modified":"2024-09-15T17:26:44","modified_gmt":"2024-09-15T15:26:44","slug":"o-nas","status":"publish","type":"page","link":"https:\/\/www.team4teen.cz\/family\/","title":{"rendered":"O n\u00e1s"},"content":{"rendered":"\n<h3>\n\t\tFAMILY team4teen\n\t<\/h3>\n\t<p>Pobo\u010dn\u00fd spolek FAMILY team4teen vznikl v\u00a0roce 2017 reorganizac\u00ed spolku <a href=\"http:\/\/www.team4teen.cz\/\">team4teen, z.s.<\/a> Ten vznikl v&nbsp;roce 2013 jako platforma jak pro psychosoci\u00e1ln\u00ed pr\u00e1ci p\u0159edev\u0161\u00edm s&nbsp;ml\u00e1de\u017e\u00ed a&nbsp;jej\u00ed rodinou, tak pro volno\u010dasovou pr\u00e1ci s&nbsp;mlad\u00fdmi sportovn\u00edmi mu\u0161ka\u0159i. Po&nbsp;t\u00e9to reorganizaci se FAMILY team4teen stal za\u0159\u00edzen\u00edm odborn\u00e9ho poradenstv\u00ed pro p\u00e9\u010di o&nbsp;d\u011bti v&nbsp;re\u017eimu soci\u00e1ln\u011b-pr\u00e1vn\u00ed ochrany d\u011bt\u00ed a&nbsp;dopl\u0148kov\u011b se ujal tak\u00e9 vzd\u011bl\u00e1vac\u00edch aktivit v&nbsp;t\u00e9to oblasti.<\/p>\n<p>Od roku 2023 se t\u011b\u017ei\u0161t\u011b na\u0161\u00ed pr\u00e1ce p\u0159esouv\u00e1 od v\u00fdkonu soci\u00e1ln\u011b-pr\u00e1vn\u00ed ochrany d\u011bt\u00ed sm\u011brem k&nbsp;odborn\u00e9mu vzd\u011bl\u00e1v\u00e1n\u00ed. Ov\u0161em d\u011bti a&nbsp;rodina z\u016fstanou centr\u00e1ln\u00edmi t\u00e9maty i&nbsp;v&nbsp;t\u011bchto aktivit\u00e1ch.<\/p>\n<p>Odborn\u00e9 psychologick\u00e9 poradenstv\u00ed je v&nbsp;omezen\u00e9 m\u00ed\u0159e nad\u00e1le dostupn\u00e9 v&nbsp;r\u00e1mci na\u0161\u00ed psychologick\u00e9 poradny (mimo re\u017eim soci\u00e1ln\u011b-pr\u00e1vn\u00ed ochrany d\u011bt\u00ed).<\/p>\n\n","protected":false},"excerpt":{"rendered":"<p>FAMILY team4teen Pobo\u010dn\u00fd spolek FAMILY team4teen vznikl v\u00a0roce 2017 reorganizac\u00ed spolku team4teen, z.s. Ten vznikl v&nbsp;roce 2013 jako platforma jak pro psychosoci\u00e1ln\u00ed pr\u00e1ci p\u0159edev\u0161\u00edm s&nbsp;ml\u00e1de\u017e\u00ed a&nbsp;jej\u00ed rodinou, tak pro volno\u010dasovou pr\u00e1ci s&nbsp;mlad\u00fdmi sportovn\u00edmi mu\u0161ka\u0159i. Po&nbsp;t\u00e9to reorganizaci se FAMILY team4teen stal za\u0159\u00edzen\u00edm odborn\u00e9ho poradenstv\u00ed pro p\u00e9\u010di o&nbsp;d\u011bti v&nbsp;re\u017eimu soci\u00e1ln\u011b-pr\u00e1vn\u00ed ochrany d\u011bt\u00ed a&nbsp;dopl\u0148kov\u011b se ujal tak\u00e9 vzd\u011bl\u00e1vac\u00edch&hellip;<\/p>\n","protected":false},"author":1,"featured_media":0,"parent":0,"menu_order":100,"comment_status":"closed","ping_status":"closed","template":"","meta":{"footnotes":""},"class_list":["post-13","page","type-page","status-publish","hentry"],"_links":{"self":[{"href":"https:\/\/www.team4teen.cz\/family\/wp-json\/wp\/v2\/pages\/13","targetHints":{"allow":["GET"]}}],"collection":[{"href":"https:\/\/www.team4teen.cz\/family\/wp-json\/wp\/v2\/pages"}],"about":[{"href":"https:\/\/www.team4teen.cz\/family\/wp-json\/wp\/v2\/types\/page"}],"author":[{"embeddable":true,"href":"https:\/\/www.team4teen.cz\/family\/wp-json\/wp\/v2\/users\/1"}],"replies":[{"embeddable":true,"href":"https:\/\/www.team4teen.cz\/family\/wp-json\/wp\/v2\/comments?post=13"}],"version-history":[{"count":11,"href":"https:\/\/www.team4teen.cz\/family\/wp-json\/wp\/v2\/pages\/13\/revisions"}],"predecessor-version":[{"id":2876,"href":"https:\/\/www.team4teen.cz\/family\/wp-json\/wp\/v2\/pages\/13\/revisions\/2876"}],"wp:attachment":[{"href":"https:\/\/www.team4teen.cz\/family\/wp-json\/wp\/v2\/media?parent=13"}],"curies":[{"name":"wp","href":"https:\/\/api.w.org\/{rel}","templated":true}]}}