{"id":16,"date":"2017-02-08T15:22:07","date_gmt":"2017-02-08T14:22:07","guid":{"rendered":"http:\/\/www.team4teen.cz\/family\/?page_id=16"},"modified":"2023-02-24T19:11:48","modified_gmt":"2023-02-24T18:11:48","slug":"nase-sluzby","status":"publish","type":"page","link":"https:\/\/www.team4teen.cz\/family\/o-nas\/nase-sluzby\/","title":{"rendered":"Na\u0161e slu\u017eby"},"content":{"rendered":"\n<h3>\n\t\tFAMILY team4teen\n\t<\/h3>\n<h3>\n\t\tNa\u0161e slu\u017eby\n\t<\/h3>\n\t<p>FAMILY team4teen nab\u00edz\u00ed podporu zam\u011b\u0159enou na ot\u00e1zky v\u00fdchovy a&nbsp;vzd\u011bl\u00e1v\u00e1n\u00ed d\u00edt\u011bte, vz\u00e1jemn\u00e9 vztahy mezi rodi\u010di a&nbsp;d\u011btmi a&nbsp;dal\u0161\u00ed rodinn\u00e9, soci\u00e1ln\u00ed a&nbsp;mezigenera\u010dn\u00ed ot\u00e1zky souvisej\u00edc\u00ed s&nbsp;p\u00e9\u010d\u00ed o&nbsp;d\u011bti. Tato podpora je nab\u00edzena jako odborn\u00e9 <a href=\"http:\/\/www.team4teen.cz\/family\/vzdelavani\/\">vzd\u011bl\u00e1v\u00e1n\u00ed<\/a>.<\/p>\n<p>Z\u00e1jmov\u00e9 vzd\u011bl\u00e1v\u00e1n\u00ed je, stejn\u011b jako odborn\u00e9 psychologick\u00e9 poradenstv\u00ed, dostupn\u00e9 v&nbsp;r\u00e1mci \u010dinnosti hlavn\u00edho spolku <a href=\"http:\/\/www.team4teen.cz\/family\/o-nas\/\">team4teen, z.s.<\/a><\/p>\n\n","protected":false},"excerpt":{"rendered":"<p>FAMILY team4teen Na\u0161e slu\u017eby FAMILY team4teen nab\u00edz\u00ed podporu zam\u011b\u0159enou na ot\u00e1zky v\u00fdchovy a&nbsp;vzd\u011bl\u00e1v\u00e1n\u00ed d\u00edt\u011bte, vz\u00e1jemn\u00e9 vztahy mezi rodi\u010di a&nbsp;d\u011btmi a&nbsp;dal\u0161\u00ed rodinn\u00e9, soci\u00e1ln\u00ed a&nbsp;mezigenera\u010dn\u00ed ot\u00e1zky souvisej\u00edc\u00ed s&nbsp;p\u00e9\u010d\u00ed o&nbsp;d\u011bti. Tato podpora je nab\u00edzena jako odborn\u00e9 vzd\u011bl\u00e1v\u00e1n\u00ed. Z\u00e1jmov\u00e9 vzd\u011bl\u00e1v\u00e1n\u00ed je, stejn\u011b jako odborn\u00e9 psychologick\u00e9 poradenstv\u00ed, dostupn\u00e9 v&nbsp;r\u00e1mci \u010dinnosti hlavn\u00edho spolku team4teen, z.s.<\/p>\n","protected":false},"author":1,"featured_media":0,"parent":13,"menu_order":110,"comment_status":"closed","ping_status":"closed","template":"","meta":{"footnotes":""},"class_list":["post-16","page","type-page","status-publish","hentry"],"_links":{"self":[{"href":"https:\/\/www.team4teen.cz\/family\/wp-json\/wp\/v2\/pages\/16","targetHints":{"allow":["GET"]}}],"collection":[{"href":"https:\/\/www.team4teen.cz\/family\/wp-json\/wp\/v2\/pages"}],"about":[{"href":"https:\/\/www.team4teen.cz\/family\/wp-json\/wp\/v2\/types\/page"}],"author":[{"embeddable":true,"href":"https:\/\/www.team4teen.cz\/family\/wp-json\/wp\/v2\/users\/1"}],"replies":[{"embeddable":true,"href":"https:\/\/www.team4teen.cz\/family\/wp-json\/wp\/v2\/comments?post=16"}],"version-history":[{"count":7,"href":"https:\/\/www.team4teen.cz\/family\/wp-json\/wp\/v2\/pages\/16\/revisions"}],"predecessor-version":[{"id":2861,"href":"https:\/\/www.team4teen.cz\/family\/wp-json\/wp\/v2\/pages\/16\/revisions\/2861"}],"up":[{"embeddable":true,"href":"https:\/\/www.team4teen.cz\/family\/wp-json\/wp\/v2\/pages\/13"}],"wp:attachment":[{"href":"https:\/\/www.team4teen.cz\/family\/wp-json\/wp\/v2\/media?parent=16"}],"curies":[{"name":"wp","href":"https:\/\/api.w.org\/{rel}","templated":true}]}}