{"id":2467,"date":"2017-02-09T16:03:55","date_gmt":"2017-02-09T15:03:55","guid":{"rendered":"http:\/\/www.team4teen.cz\/family\/?page_id=2467"},"modified":"2023-02-24T19:20:11","modified_gmt":"2023-02-24T18:20:11","slug":"dekujeme","status":"publish","type":"page","link":"https:\/\/www.team4teen.cz\/family\/dekujeme\/","title":{"rendered":"D\u011bkujeme"},"content":{"rendered":"\n<h3>\n\t\tD\u011bkujeme\n\t<\/h3>\n<h4>\n\t\tJak n\u00e1s podpo\u0159it:\n\t<\/h4>\n\t<h5>V\u00edte, \u017ee&#8230;<\/h5>\n<p>&#8230;\u010d\u00e1stku, kterou za kalend\u00e1\u0159n\u00ed rok darujete, m\u016f\u017eete uplat\u0148ovat jako ode\u010ditatelnou polo\u017eku ze z\u00e1kladu dan\u011b?<\/p>\n<p>&nbsp;<\/p>\n<h5>Fyzick\u00e9 osoby<\/h5>\n<p>si podle \u00a7 15 z\u00e1kona \u010d.&nbsp;586\/1992 Sb., O&nbsp;dan\u00edch z&nbsp;p\u0159\u00edjm\u016f, ve zn\u011bn\u00ed pozd\u011bj\u0161\u00edch p\u0159edpis\u016f, od z\u00e1kladu dan\u011b mohou ode\u010d\u00edst hodnotu dar\u016f, kter\u00e1 ve zda\u0148ovac\u00edm obdob\u00ed p\u0159es\u00e1hne 2&nbsp;% ze z\u00e1kladu dan\u011b, nebo \u010din\u00ed za kalend\u00e1\u0159n\u00ed rok alespo\u0148 1&nbsp;000&nbsp;K\u010d. Celkem lze ode\u010d\u00edst maxim\u00e1ln\u011b 15&nbsp;% ze z\u00e1kladu dan\u011b.<\/p>\n<p>&nbsp;<\/p>\n<h5>Pr\u00e1vnick\u00e9 osoby<\/h5>\n<p>si podle \u00a7 15 z\u00e1kona \u010d.&nbsp;586\/1992 Sb., O&nbsp;dan\u00edch z&nbsp;p\u0159\u00edjm\u016f, ve zn\u011bn\u00ed pozd\u011bj\u0161\u00edch p\u0159edpis\u016f, od z\u00e1kladu dan\u011b sn\u00ed\u017een\u00e9ho dle \u00a7 34 t\u00e9ho\u017e z\u00e1kona mohou ode\u010d\u00edst hodnotu dar\u016f, pokud jejich hodnota \u010din\u00ed alespo\u0148 2&nbsp;000&nbsp;K\u010d. Celkem lze ode\u010d\u00edst maxim\u00e1ln\u011b 10&nbsp;% ze z\u00e1kladu dan\u011b.<\/p>\n<p>&nbsp;<\/p>\n<h5>P\u0159isp\u011bt m\u016f\u017eete jednor\u00e1zov\u011b \u010di&nbsp;pravideln\u00fdm m\u011bs\u00ed\u010dn\u00edm p\u0159\u00edsp\u011bvkem.<\/h5>\n<p>R\u00e1di V\u00e1m vystav\u00edme <strong>potvrzen\u00ed o&nbsp;daru<\/strong> nebo s&nbsp;V\u00e1mi sep\u00ed\u0161eme <strong>darovac\u00ed smlouvu<\/strong>, na z\u00e1klad\u011b kter\u00e9 m\u016f\u017eete uplatnit odpo\u010det z\u00a0da\u0148ov\u00e9ho z\u00e1kladu.<\/p>\n<p>&nbsp;<\/p>\n<h5>\u010c\u00edslo \u00fa\u010dtu pro dary<\/h5>\n<p>je<strong> 2701132267\/2010<\/strong> veden\u00fd u&nbsp;FIO banky.<\/p>\n<p>&nbsp;<\/p>\n<h5>Na\u0161i \u010dinnost m\u016f\u017eete podpo\u0159it tak\u00e9 hmotn\u00fdm darem<\/h5>\n<p>(typicky nap\u0159.&nbsp;kancel\u00e1\u0159sk\u00fdm spot\u0159ebn\u00edm materi\u00e1lem \u010di&nbsp;vybaven\u00edm, hygienick\u00fdmi nebo \u00faklidov\u00fdmi pot\u0159ebami) \u010di&nbsp;<strong>darov\u00e1n\u00edm slu\u017eby<\/strong> (typicky nap\u0159.&nbsp;\u00fadr\u017eb\u00e1\u0159sk\u00e9, oprav\u00e1\u0159sk\u00e9, tiskov\u00e9 a&nbsp;kop\u00edrovac\u00ed slu\u017eby). Pokud n\u00e1m chcete cokoli nab\u00eddnout, kontaktujte n\u00e1s, pros\u00edm <a href=\"http:\/\/www.team4teen.cz\/kontakty\/\">zde<\/a>.<\/p>\n<p>Finan\u010dn\u00ed i&nbsp;materi\u00e1ln\u00ed podpora je pro FAMILY team4teen velmi d\u016fle\u017eit\u00e1 a&nbsp;velice si ji v\u00e1\u017e\u00edme. Je to projev d\u016fv\u011bry lid\u00ed, kte\u0159\u00ed na\u0161i pr\u00e1ci takto podporuj\u00ed, ale hlavn\u011b jsou to finan\u010dn\u00ed prost\u0159edky na slu\u017eby a&nbsp;materi\u00e1l, kter\u00e9 obvykle neziskov\u00e9 organizace &#8211; a&nbsp;tedy i&nbsp;my &#8211; nesnadno finan\u010dn\u011b pokr\u00fdvaj\u00ed.<\/p>\n<p>&nbsp;<\/p>\n<p><strong>Velice V\u00e1m d\u011bkujeme!<\/strong><\/p>\n<h4>\n\t\tPodporovatel\u00e9:\n\t<\/h4>\n\t<p>Celou dobu fungov\u00e1n\u00ed projekt\u016f D\u00edt\u011b v&nbsp;\u00fazk\u00fdch a&nbsp;Rozvod nen\u00ed legrace n\u00e1s finan\u010dn\u011b podporoval <strong>Jiho\u010desk\u00fd kraj<\/strong> prost\u0159ednictv\u00edm dotac\u00ed na rodinnou politiku.<\/p>\n<p>D\u00e1le n\u00e1s podpo\u0159ilo <strong>mnoho na\u0161ich koleg\u016f a&nbsp;p\u0159\u00e1tel<\/strong>, a\u0165 u\u017e dobrou radou, rukou p\u0159ilo\u017eenou k&nbsp;d\u00edlu \u010di&nbsp;p\u0159ebyte\u010dn\u00fdm materi\u00e1lem a&nbsp;vybaven\u00edm.<\/p>\n<p><strong>\u00a0<\/strong><\/p>\n<p><strong>V\u0160EM MNOHOKR\u00c1T D\u011aKUJEME!<\/strong><\/p>\n\n","protected":false},"excerpt":{"rendered":"<p>D\u011bkujeme Jak n\u00e1s podpo\u0159it: V\u00edte, \u017ee&#8230; &#8230;\u010d\u00e1stku, kterou za kalend\u00e1\u0159n\u00ed rok darujete, m\u016f\u017eete uplat\u0148ovat jako ode\u010ditatelnou polo\u017eku ze z\u00e1kladu dan\u011b? &nbsp; Fyzick\u00e9 osoby si podle \u00a7 15 z\u00e1kona \u010d.&nbsp;586\/1992 Sb., O&nbsp;dan\u00edch z&nbsp;p\u0159\u00edjm\u016f, ve zn\u011bn\u00ed pozd\u011bj\u0161\u00edch p\u0159edpis\u016f, od z\u00e1kladu dan\u011b mohou ode\u010d\u00edst hodnotu dar\u016f, kter\u00e1 ve zda\u0148ovac\u00edm obdob\u00ed p\u0159es\u00e1hne 2&nbsp;% ze z\u00e1kladu dan\u011b, nebo \u010din\u00ed za&hellip;<\/p>\n","protected":false},"author":1,"featured_media":0,"parent":0,"menu_order":400,"comment_status":"closed","ping_status":"closed","template":"","meta":{"footnotes":""},"class_list":["post-2467","page","type-page","status-publish","hentry"],"_links":{"self":[{"href":"https:\/\/www.team4teen.cz\/family\/wp-json\/wp\/v2\/pages\/2467","targetHints":{"allow":["GET"]}}],"collection":[{"href":"https:\/\/www.team4teen.cz\/family\/wp-json\/wp\/v2\/pages"}],"about":[{"href":"https:\/\/www.team4teen.cz\/family\/wp-json\/wp\/v2\/types\/page"}],"author":[{"embeddable":true,"href":"https:\/\/www.team4teen.cz\/family\/wp-json\/wp\/v2\/users\/1"}],"replies":[{"embeddable":true,"href":"https:\/\/www.team4teen.cz\/family\/wp-json\/wp\/v2\/comments?post=2467"}],"version-history":[{"count":3,"href":"https:\/\/www.team4teen.cz\/family\/wp-json\/wp\/v2\/pages\/2467\/revisions"}],"predecessor-version":[{"id":2868,"href":"https:\/\/www.team4teen.cz\/family\/wp-json\/wp\/v2\/pages\/2467\/revisions\/2868"}],"wp:attachment":[{"href":"https:\/\/www.team4teen.cz\/family\/wp-json\/wp\/v2\/media?parent=2467"}],"curies":[{"name":"wp","href":"https:\/\/api.w.org\/{rel}","templated":true}]}}