{"id":29,"date":"2017-02-08T15:41:49","date_gmt":"2017-02-08T14:41:49","guid":{"rendered":"http:\/\/www.team4teen.cz\/family\/?page_id=29"},"modified":"2023-02-24T19:12:24","modified_gmt":"2023-02-24T18:12:24","slug":"provozni-doba-a-kontakty","status":"publish","type":"page","link":"https:\/\/www.team4teen.cz\/family\/o-nas\/provozni-doba-a-kontakty\/","title":{"rendered":"Provozn\u00ed doba a&nbsp;kontakty"},"content":{"rendered":"\n<h3>\n\t\tFAMILY team4teen\n\t<\/h3>\n<h3>\n\t\tProvozn\u00ed doba a&nbsp;kontakty\n\t<\/h3>\n\t<p>Vzd\u011bl\u00e1v\u00e1n\u00ed realizujeme jak p\u0159\u00edmo ve Vimperku ve vlastn\u00ed \u0161kolic\u00ed m\u00edstnosti, tak podle z\u00e1jmu tak\u00e9 v\u00fdjezdn\u011b v&nbsp;dal\u0161\u00edch m\u011bstech a&nbsp;obc\u00edch.<\/p>\n<p>S ohledem na pot\u0159eby \u00fa\u010dastn\u00edk\u016f je vzd\u011bl\u00e1v\u00e1n\u00ed sm\u011b\u0159ov\u00e1no bu\u010f na pracovn\u00ed dny, nebo na v\u00edkendy. Podrobn\u00e9 organiza\u010dn\u00ed sch\u00e9ma domlouv\u00e1me se zadavateli v\u017edy individu\u00e1ln\u011b, nev\u00e1hejte se na n\u00e1s obr\u00e1tit.<\/p>\n\t<h5>S\u00eddlo, faktura\u010dn\u00ed a&nbsp;koresponden\u010dn\u00ed adresa:<\/h5>\n<strong>FAMILY team4teen, z.s.<\/strong><br \/>\nK. Weise 397<br \/>\n385&nbsp;01 Vimperk\n<p>ISDS: xsvtxd3<\/p>\nT: +420&nbsp;603&nbsp;500&nbsp;244<br \/>\nE: <a href=\"mailto:zuzana.blahova@team4teen.cz\">zuzana.blahova@team4teen.cz<\/a><br \/>\nW: <a href=\"http:\/\/www.team4teen.cz\/family\/\">www.team4teen.cz\/family<\/a>\nI\u010cO: 056&nbsp;29&nbsp;501<br \/>\nDI\u010c: CZ 056&nbsp;29&nbsp;501\n<p>\u010d.\u00fa. 2701132267\/2010 Fio banka<\/p>\n\t<h5>\u0160kolic\u00ed m\u00edstnost:<\/h5>\n<strong>zadn\u00ed trakt Polikliniky Vimperk<\/strong><br \/>\nNad Stadionem 484<br \/>\n385&nbsp;01 Vimperk\n\t\n\n","protected":false},"excerpt":{"rendered":"<p>FAMILY team4teen Provozn\u00ed doba a&nbsp;kontakty Vzd\u011bl\u00e1v\u00e1n\u00ed realizujeme jak p\u0159\u00edmo ve Vimperku ve vlastn\u00ed \u0161kolic\u00ed m\u00edstnosti, tak podle z\u00e1jmu tak\u00e9 v\u00fdjezdn\u011b v&nbsp;dal\u0161\u00edch m\u011bstech a&nbsp;obc\u00edch. S&nbsp;ohledem na pot\u0159eby \u00fa\u010dastn\u00edk\u016f je vzd\u011bl\u00e1v\u00e1n\u00ed sm\u011b\u0159ov\u00e1no bu\u010f na pracovn\u00ed dny, nebo na v\u00edkendy. Podrobn\u00e9 organiza\u010dn\u00ed sch\u00e9ma domlouv\u00e1me se zadavateli v\u017edy individu\u00e1ln\u011b, nev\u00e1hejte se na n\u00e1s obr\u00e1tit. S\u00eddlo, faktura\u010dn\u00ed a&nbsp;koresponden\u010dn\u00ed adresa:&hellip;<\/p>\n","protected":false},"author":1,"featured_media":0,"parent":13,"menu_order":130,"comment_status":"closed","ping_status":"closed","template":"","meta":{"footnotes":""},"class_list":["post-29","page","type-page","status-publish","hentry"],"_links":{"self":[{"href":"https:\/\/www.team4teen.cz\/family\/wp-json\/wp\/v2\/pages\/29","targetHints":{"allow":["GET"]}}],"collection":[{"href":"https:\/\/www.team4teen.cz\/family\/wp-json\/wp\/v2\/pages"}],"about":[{"href":"https:\/\/www.team4teen.cz\/family\/wp-json\/wp\/v2\/types\/page"}],"author":[{"embeddable":true,"href":"https:\/\/www.team4teen.cz\/family\/wp-json\/wp\/v2\/users\/1"}],"replies":[{"embeddable":true,"href":"https:\/\/www.team4teen.cz\/family\/wp-json\/wp\/v2\/comments?post=29"}],"version-history":[{"count":5,"href":"https:\/\/www.team4teen.cz\/family\/wp-json\/wp\/v2\/pages\/29\/revisions"}],"predecessor-version":[{"id":2862,"href":"https:\/\/www.team4teen.cz\/family\/wp-json\/wp\/v2\/pages\/29\/revisions\/2862"}],"up":[{"embeddable":true,"href":"https:\/\/www.team4teen.cz\/family\/wp-json\/wp\/v2\/pages\/13"}],"wp:attachment":[{"href":"https:\/\/www.team4teen.cz\/family\/wp-json\/wp\/v2\/media?parent=29"}],"curies":[{"name":"wp","href":"https:\/\/api.w.org\/{rel}","templated":true}]}}