{"id":38,"date":"2017-02-08T16:27:34","date_gmt":"2017-02-08T15:27:34","guid":{"rendered":"http:\/\/www.team4teen.cz\/family\/?page_id=38"},"modified":"2023-06-28T18:33:46","modified_gmt":"2023-06-28T16:33:46","slug":"nas-tym","status":"publish","type":"page","link":"https:\/\/www.team4teen.cz\/family\/o-nas\/nas-tym\/","title":{"rendered":"N\u00e1\u0161 t\u00fdm"},"content":{"rendered":"\n<h3>\n\t\tFAMILY team4teen\n\t<\/h3>\n<h3>\n\t\tN\u00e1\u0161 t\u00fdm\n\t<\/h3>\n\t\t\t\t<img loading=\"lazy\" decoding=\"async\" src=\"https:\/\/www.team4teen.cz\/family\/wp-content\/uploads\/sites\/4\/bb-plugin\/cache\/Family-tym-Zuzana_Blahova-300x300-circle.jpg\" alt=\"Family-tym-Zuzana_Blahova\" itemprop=\"image\" height=\"300\" width=\"300\" title=\"Family-tym-Zuzana_Blahova\" onerror=\"this.style.display='none'\"  \/>\n<h3>Mgr. Zuzana Bl\u00e1hov\u00e1<\/h3>\t\t\n\t\t\t<em>\u0158editelka organizace<\/em><br \/>\n<em>Psychologie d\u011bt\u00ed, ml\u00e1de\u017ee, p\u00e1r\u016f a&nbsp;rodin<\/em>\n\t<p>Vystudovala soci\u00e1ln\u00ed pr\u00e1ci a&nbsp;pedagogiku na Jiho\u010desk\u00e9 univerzit\u011b a&nbsp;psychologii na Masarykov\u011b univerzit\u011b. Absolvovala a\/nebo je\u0161t\u011b d\u00e1le absolvuje v\u00fdcviky v\u00a0Edukativn\u00ed rodi\u010dovsk\u00e9 terapii, P\u00e1rov\u00e9 a&nbsp;rodinn\u00e9 psychoanalytick\u00e9 psychoterapii, D\u011btsk\u00e9 a&nbsp;adolescentn\u00ed psychoanalytick\u00e9 psychoterapii. \u0158adu kurz\u016f a&nbsp;semin\u00e1\u0159\u016f tak\u00e9 absolvovala v\u00a0oblasti soci\u00e1ln\u00ed pr\u00e1ce, krizov\u00e9 intervence, arteterapie, terapie kognitivn\u00edch deficit\u016f (FIE), apod.<\/p>\n<p>Zku\u0161enosti v&nbsp;pr\u00e1ci s&nbsp;d\u011btmi, rodi\u010di a&nbsp;rodinou z\u00edskala b\u011bhem let p\u016fsoben\u00ed v&nbsp;soci\u00e1ln\u00edch slu\u017eb\u00e1ch, mate\u0159sk\u00e9m centru, d\u011btsk\u00e9m domov\u011b a&nbsp;na \u00faseku soci\u00e1ln\u011b-pr\u00e1vn\u00ed ochrany d\u011bt\u00ed. V&nbsp;sou\u010dasn\u00e9 dob\u011b pracuje v&nbsp;soukrom\u00e9 psychologick\u00e9 praxi v&nbsp;\u010c. Bud\u011bjovic\u00edch p\u0159edev\u0161\u00edm individu\u00e1ln\u011b s&nbsp;d\u011btmi a&nbsp;dosp\u011bl\u00fdmi, s&nbsp;rodi\u010di, ale i&nbsp;s&nbsp;p\u00e1ry, cel\u00fdmi rodinami (zejm\u00e9na p\u011bstounsk\u00fdmi), vzd\u011bl\u00e1v\u00e1 soci\u00e1ln\u00ed pracovn\u00edky, p\u011bstouny, rodi\u010de a&nbsp;dal\u0161\u00ed z\u00e1jemce.<\/p>\nT: +420&nbsp;603&nbsp;500&nbsp;244<br \/>\nE: <a href=\"mailto:zuzana.blahova@team4teen.cz\">zuzana.blahova@team4teen.cz<\/a>\n\t\t\t\t<img loading=\"lazy\" decoding=\"async\" src=\"https:\/\/www.team4teen.cz\/family\/wp-content\/uploads\/sites\/4\/bb-plugin\/cache\/AW_web.PNG-300x300-circle.jpg\" alt=\"AW_web.PNG\" itemprop=\"image\" height=\"300\" width=\"300\" title=\"AW_web.PNG\" onerror=\"this.style.display='none'\"  \/>\n<h3>PhDr. Alena Wagnerov\u00e1<\/h3>\t\t\n\t\t\t<em>\u0160koln\u00ed a&nbsp;d\u011btsk\u00e1 psychologie<\/em><br \/>\n<em>\u00a0<\/em>\n\t<p>Vystudovala jednooborovou psychologii na Filosofick\u00e9 fakult\u011b Univerzity Karlovy v&nbsp;Praze se zam\u011b\u0159en\u00edm na d\u011btskou klinickou psychologii. Absolvovala v\u00fdcvik skupinov\u00e9 psychoterapie na pra\u017esk\u00e9 Palat\u011b a&nbsp;individu\u00e1ln\u00ed psychoterapie v&nbsp;psychiatrick\u00e9 l\u00e9\u010debn\u011b v&nbsp;Krom\u011b\u0159\u00ed\u017ei. \u0158adu kurz\u016f a&nbsp;semin\u00e1\u0159\u016f absolvovala tak\u00e9 v\u00a0oblasti diagnostiky, n\u00e1pravy a&nbsp;prevence specifick\u00fdch poruch u\u010den\u00ed, poruch chov\u00e1n\u00ed a&nbsp;v\u00fdvojov\u00fdch poruch, pr\u00e1ci s\u00a0ADD, ADHD a&nbsp;LMD, d\u00e1le tak\u00e9 v\u00a0relaxa\u010dn\u00edch technik\u00e1ch.<\/p>\n<p>Dlouh\u00e1 l\u00e9ta spolupracovala v&nbsp;kr\u010dsk\u00e9 nemocnici s&nbsp;d\u011btsk\u00fdm psychologem doc. Zde\u0148kem Mat\u011bj\u010dkem, jeho\u017e filosofie bezpodm\u00edne\u010dn\u00e9 l\u00e1sky k&nbsp;d\u00edt\u011bti i&nbsp;\u00facta k&nbsp;rodi\u010d\u016fm a&nbsp;vychovatel\u016fm ji ovlivnila na cel\u00fd \u017eivot. Mno\u017estv\u00ed dal\u0161\u00edch zku\u0161enost\u00ed z\u00edskala b\u011bhem mnohalet\u00e9 pr\u00e1ce v&nbsp;pedagogicko &#8211; psychologick\u00e9 poradn\u011b, v&nbsp;mate\u0159sk\u00e9m centru i&nbsp;v&nbsp;poradn\u00e1ch pro d\u011bti a&nbsp;ml\u00e1de\u017e.<\/p>\n<p>Po zalo\u017een\u00ed \u0161koln\u00edch poradensk\u00fdch pracovi\u0161\u0165 za\u010dala v&nbsp;roce 2006 pracovat jako \u0161koln\u00ed psycholo\u017eka a&nbsp;t\u00e9to pr\u00e1ci se v\u011bnuje dosud.<\/p>\n\n","protected":false},"excerpt":{"rendered":"<p>FAMILY team4teen N\u00e1\u0161 t\u00fdm Mgr. Zuzana Bl\u00e1hov\u00e1 \u0158editelka organizace Psychologie d\u011bt\u00ed, ml\u00e1de\u017ee, p\u00e1r\u016f a&nbsp;rodin Vystudovala soci\u00e1ln\u00ed pr\u00e1ci a&nbsp;pedagogiku na Jiho\u010desk\u00e9 univerzit\u011b a&nbsp;psychologii na Masarykov\u011b univerzit\u011b. Absolvovala a\/nebo je\u0161t\u011b d\u00e1le absolvuje v\u00fdcviky v\u00a0Edukativn\u00ed rodi\u010dovsk\u00e9 terapii, P\u00e1rov\u00e9 a&nbsp;rodinn\u00e9 psychoanalytick\u00e9 psychoterapii, D\u011btsk\u00e9 a&nbsp;adolescentn\u00ed psychoanalytick\u00e9 psychoterapii. \u0158adu kurz\u016f a&nbsp;semin\u00e1\u0159\u016f tak\u00e9 absolvovala v\u00a0oblasti soci\u00e1ln\u00ed pr\u00e1ce, krizov\u00e9 intervence, arteterapie, terapie kognitivn\u00edch&hellip;<\/p>\n","protected":false},"author":1,"featured_media":0,"parent":13,"menu_order":140,"comment_status":"closed","ping_status":"closed","template":"","meta":{"footnotes":""},"class_list":["post-38","page","type-page","status-publish","hentry"],"_links":{"self":[{"href":"https:\/\/www.team4teen.cz\/family\/wp-json\/wp\/v2\/pages\/38","targetHints":{"allow":["GET"]}}],"collection":[{"href":"https:\/\/www.team4teen.cz\/family\/wp-json\/wp\/v2\/pages"}],"about":[{"href":"https:\/\/www.team4teen.cz\/family\/wp-json\/wp\/v2\/types\/page"}],"author":[{"embeddable":true,"href":"https:\/\/www.team4teen.cz\/family\/wp-json\/wp\/v2\/users\/1"}],"replies":[{"embeddable":true,"href":"https:\/\/www.team4teen.cz\/family\/wp-json\/wp\/v2\/comments?post=38"}],"version-history":[{"count":12,"href":"https:\/\/www.team4teen.cz\/family\/wp-json\/wp\/v2\/pages\/38\/revisions"}],"predecessor-version":[{"id":2871,"href":"https:\/\/www.team4teen.cz\/family\/wp-json\/wp\/v2\/pages\/38\/revisions\/2871"}],"up":[{"embeddable":true,"href":"https:\/\/www.team4teen.cz\/family\/wp-json\/wp\/v2\/pages\/13"}],"wp:attachment":[{"href":"https:\/\/www.team4teen.cz\/family\/wp-json\/wp\/v2\/media?parent=38"}],"curies":[{"name":"wp","href":"https:\/\/api.w.org\/{rel}","templated":true}]}}