{"id":44,"date":"2017-02-08T16:42:15","date_gmt":"2017-02-08T15:42:15","guid":{"rendered":"http:\/\/www.team4teen.cz\/family\/?page_id=44"},"modified":"2023-02-24T19:13:26","modified_gmt":"2023-02-24T18:13:26","slug":"moznosti-podani-stiznosti","status":"publish","type":"page","link":"https:\/\/www.team4teen.cz\/family\/o-nas\/moznosti-podani-stiznosti\/","title":{"rendered":"Mo\u017enosti pod\u00e1n\u00ed st\u00ed\u017enosti"},"content":{"rendered":"\n<h3>\n\t\tFAMILY team4teen\n\t<\/h3>\n<h3>\n\t\tMo\u017enosti pod\u00e1n\u00ed st\u00ed\u017enosti\n\t<\/h3>\n\t<h4>Principy, zp\u016fsob a&nbsp;forma pod\u00e1n\u00ed st\u00ed\u017enosti:<\/h4>\n<ul>\n<li>St\u00ed\u017enost m\u016f\u017eete podat nad\u0159\u00edzen\u00e9mu org\u00e1nu FAMILY team4teen, kter\u00fdm je rada hlavn\u00edho spolku team4teen, z.s.: team4teen, z.s., K. Weise 397, 385&nbsp;01 Vimperk.<\/li>\n<li>K\u00a0pod\u00e1n\u00ed st\u00ed\u017enosti je opr\u00e1vn\u011bna jak\u00e1koliv fyzick\u00e1 \u010di&nbsp;pr\u00e1vnick\u00e1 osoba.<\/li>\n<li>Pod\u00e1n\u00ed st\u00ed\u017enosti nesm\u00ed b\u00fdt st\u011b\u017eovateli na \u00fajmu.<\/li>\n<li>St\u00ed\u017enost m\u016f\u017ee b\u00fdt pod\u00e1na jmenovit\u011b i&nbsp;anonymn\u011b.<\/li>\n<li>Odpov\u011bdnou osobou,\u00a0kter\u00e1 je povinna st\u00ed\u017enosti vy\u0159izovat, je \u0159editelka FAMILY team4teen, nebo\u00a0rada hlavn\u00edho spolku team4teen, z.s., pokud jde o&nbsp;st\u00ed\u017enost na \u0159editelku FAMILY team4teen.<\/li>\n<li>St\u00ed\u017enost lze podat\u00a0p\u00edsemn\u011b osobn\u00edm p\u0159ed\u00e1n\u00edm pracovn\u00edkovi \u010di&nbsp;po\u0161tou na adresu s\u00eddla pobo\u010dn\u00e9ho spolku nebo na adresu rady hlavn\u00edho spolku (viz v\u00fd\u0161e),\u00a0\u00fastn\u011b\u00a0(osobn\u011b \u010di&nbsp;telefonicky),\u00a0elektronickou po\u0161tou\u00a0na e-mailovou adresu <a href=\"mailto:zuzana.blahova@team4teen.cz\">zuzana.blahova@team4teen.cz<\/a>, nebo na e-mailovou adresu <a href=\"mailto:rada@team4teen.cz\">rada@team4teen.cz<\/a>. Elektronickou po\u0161tou m\u016f\u017ee b\u00fdt pod\u00e1na st\u00ed\u017enost tak\u00e9 z\u00a0anonymn\u00ed adresy.<\/li>\n<li>P\u0159edkladatel je opr\u00e1vn\u011bn svoji st\u00ed\u017enost kdykoliv odvolat.<\/li>\n<\/ul>\n<p>&nbsp;<\/p>\n<h4>Zp\u016fsob vy\u0159izov\u00e1n\u00ed st\u00ed\u017enosti:<\/h4>\n<ul>\n<li>Odpov\u011bdn\u00e1 osoba provede \u0161et\u0159en\u00ed pot\u0159ebn\u00e1 k\u00a0posouzen\u00ed st\u00ed\u017enosti.<\/li>\n<li>St\u00ed\u017enosti jsou vy\u0159izov\u00e1ny do\u00a030 dn\u016f od data p\u0159ijet\u00ed. Pokud to nen\u00ed ze z\u00e1va\u017en\u00e9ho d\u016fvodu mo\u017en\u00e9, st\u011b\u017eovatel je o&nbsp;tom zpraven formou odpov\u00eddaj\u00edc\u00ed form\u011b pod\u00e1n\u00ed st\u00ed\u017enosti a&nbsp;je mu ozn\u00e1meno p\u0159ibli\u017en\u00e9 datum vy\u0159\u00edzen\u00ed.<\/li>\n<li>V\u00a0p\u0159\u00edpad\u011b zji\u0161t\u011bn\u00ed pochyben\u00ed na stran\u011b pracovn\u00edk\u016f organizace u\u010din\u00ed odpov\u011bdn\u00e1 osoba bez prodlen\u00ed pot\u0159ebn\u00e9 kroky k\u00a0n\u00e1prav\u011b a&nbsp;opat\u0159en\u00ed zabra\u0148uj\u00edc\u00ed opakov\u00e1n\u00ed pochyben\u00ed.<\/li>\n<li>St\u011b\u017eovatel je o&nbsp;pr\u016fb\u011bhu \u0161et\u0159en\u00ed, jeho v\u00fdsledc\u00edch a&nbsp;p\u0159\u00edpadn\u00e9 n\u00e1prav\u011b informov\u00e1n ve stanoven\u00e9 lh\u016ft\u011b formou odpov\u00eddaj\u00edc\u00ed form\u011b pod\u00e1n\u00ed st\u00ed\u017enosti a&nbsp;st\u00ed\u017enost je odpov\u011bdnou osobou evidov\u00e1na v\u00a0knize Evidence st\u00ed\u017enost\u00ed.<\/li>\n<li>Sou\u010d\u00e1st\u00ed pod\u00e1n\u00ed vysv\u011btlen\u00ed st\u011b\u017eovateli nemohou b\u00fdt skute\u010dnosti, o&nbsp;kter\u00fdch jsou pracovn\u00edci povinni zachov\u00e1vat ml\u010denlivost, nelze rovn\u011b\u017e poru\u0161it pr\u00e1va a&nbsp;pr\u00e1vem chr\u00e1n\u011bn\u00e9 z\u00e1jmy pr\u00e1vnick\u00fdch a&nbsp;fyzick\u00fdch osob.<\/li>\n<li>Nen\u00ed-li st\u011b\u017eovatel s\u00a0vy\u0159\u00edzen\u00edm st\u00ed\u017enosti \u0159editelkou spolku spokojen, m\u00e1 pr\u00e1vo odvolat se k&nbsp;rad\u011b hlavn\u00edho spolku team4teen, z.s..<\/li>\n<li>Nen\u00ed-li st\u011b\u017eovatel spokojen s\u00a0vy\u0159\u00edzen\u00edm st\u00ed\u017enosti radou hlavn\u00edho spolku team4teen, z.s., m\u016f\u017ee se obr\u00e1tit na tyto instituce:<\/li>\n<\/ul>\n\t<h5>Ve\u0159ejn\u00fd ochr\u00e1nce pr\u00e1v<\/h5>\n\u00dadoln\u00ed 39<br \/>\n602&nbsp;00 Brno\n\t<h5>\u010cesk\u00fd helsinsk\u00fd v\u00fdbor<\/h5>\n\u0160tef\u00e1nikova 21<br \/>\n150&nbsp;00 Praha 5\n\n","protected":false},"excerpt":{"rendered":"<p>FAMILY team4teen Mo\u017enosti pod\u00e1n\u00ed st\u00ed\u017enosti Principy, zp\u016fsob a&nbsp;forma pod\u00e1n\u00ed st\u00ed\u017enosti: St\u00ed\u017enost m\u016f\u017eete podat nad\u0159\u00edzen\u00e9mu org\u00e1nu FAMILY team4teen, kter\u00fdm je rada hlavn\u00edho spolku team4teen, z.s.: team4teen, z.s., K. Weise 397, 385&nbsp;01 Vimperk. K\u00a0pod\u00e1n\u00ed st\u00ed\u017enosti je opr\u00e1vn\u011bna jak\u00e1koliv fyzick\u00e1 \u010di&nbsp;pr\u00e1vnick\u00e1 osoba. Pod\u00e1n\u00ed st\u00ed\u017enosti nesm\u00ed b\u00fdt st\u011b\u017eovateli na \u00fajmu. St\u00ed\u017enost m\u016f\u017ee b\u00fdt pod\u00e1na jmenovit\u011b i&nbsp;anonymn\u011b. Odpov\u011bdnou osobou,\u00a0kter\u00e1 je&hellip;<\/p>\n","protected":false},"author":1,"featured_media":0,"parent":13,"menu_order":150,"comment_status":"closed","ping_status":"closed","template":"","meta":{"footnotes":""},"class_list":["post-44","page","type-page","status-publish","hentry"],"_links":{"self":[{"href":"https:\/\/www.team4teen.cz\/family\/wp-json\/wp\/v2\/pages\/44","targetHints":{"allow":["GET"]}}],"collection":[{"href":"https:\/\/www.team4teen.cz\/family\/wp-json\/wp\/v2\/pages"}],"about":[{"href":"https:\/\/www.team4teen.cz\/family\/wp-json\/wp\/v2\/types\/page"}],"author":[{"embeddable":true,"href":"https:\/\/www.team4teen.cz\/family\/wp-json\/wp\/v2\/users\/1"}],"replies":[{"embeddable":true,"href":"https:\/\/www.team4teen.cz\/family\/wp-json\/wp\/v2\/comments?post=44"}],"version-history":[{"count":4,"href":"https:\/\/www.team4teen.cz\/family\/wp-json\/wp\/v2\/pages\/44\/revisions"}],"predecessor-version":[{"id":2864,"href":"https:\/\/www.team4teen.cz\/family\/wp-json\/wp\/v2\/pages\/44\/revisions\/2864"}],"up":[{"embeddable":true,"href":"https:\/\/www.team4teen.cz\/family\/wp-json\/wp\/v2\/pages\/13"}],"wp:attachment":[{"href":"https:\/\/www.team4teen.cz\/family\/wp-json\/wp\/v2\/media?parent=44"}],"curies":[{"name":"wp","href":"https:\/\/api.w.org\/{rel}","templated":true}]}}