{"id":48,"date":"2017-02-08T17:00:42","date_gmt":"2017-02-08T16:00:42","guid":{"rendered":"http:\/\/www.team4teen.cz\/family\/?page_id=48"},"modified":"2024-09-15T17:25:16","modified_gmt":"2024-09-15T15:25:16","slug":"poradenstvi","status":"publish","type":"page","link":"https:\/\/www.team4teen.cz\/family\/poradenstvi\/","title":{"rendered":"Poradenstv\u00ed"},"content":{"rendered":"\n<h3>\n\t\tPOZOR, ZM\u011aNA\n\t<\/h3>\n\t<p>Po letech poskytov\u00e1n\u00ed odborn\u00e9ho poradenstv\u00ed v&nbsp;re\u017eimu soci\u00e1ln\u011b-pr\u00e1vn\u00ed ochrany d\u011bt\u00ed, kter\u00e9 jsme realizovali p\u0159edev\u0161\u00edm pro klienty OSPOD v&nbsp;projektech D\u00edt\u011b v&nbsp;\u00fazk\u00fdch a&nbsp;Rozvod nen\u00ed legrace, doch\u00e1z\u00ed ke zm\u011bn\u011b.<\/p>\n<p>Od roku 2023 se t\u011b\u017ei\u0161t\u011b na\u0161\u00ed pr\u00e1ce pomalu, ale jist\u011b p\u0159esouv\u00e1 od v\u00fdkonu soci\u00e1ln\u011b-pr\u00e1vn\u00ed ochrany d\u011bt\u00ed (SPOD) sm\u011brem k&nbsp;odborn\u00e9mu vzd\u011bl\u00e1v\u00e1n\u00ed. Ov\u0161em d\u011bti a&nbsp;rodina z\u016fstanou centr\u00e1ln\u00edmi t\u00e9maty i&nbsp;v&nbsp;t\u011bchto aktivit\u00e1ch.<\/p>\n<p>Odborn\u00e9 psychologick\u00e9 poradenstv\u00ed je v&nbsp;omezen\u00e9 m\u00ed\u0159e nad\u00e1le dostupn\u00e9 v&nbsp;r\u00e1mci na\u0161\u00ed psychologick\u00e9 poradny\u00a0(mimo re\u017eim soci\u00e1ln\u011b-pr\u00e1vn\u00ed ochrany d\u011bt\u00ed).<\/p>\n\n","protected":false},"excerpt":{"rendered":"<p>POZOR, ZM\u011aNA Po&nbsp;letech poskytov\u00e1n\u00ed odborn\u00e9ho poradenstv\u00ed v&nbsp;re\u017eimu soci\u00e1ln\u011b-pr\u00e1vn\u00ed ochrany d\u011bt\u00ed, kter\u00e9 jsme realizovali p\u0159edev\u0161\u00edm pro klienty OSPOD v&nbsp;projektech D\u00edt\u011b v&nbsp;\u00fazk\u00fdch a&nbsp;Rozvod nen\u00ed legrace, doch\u00e1z\u00ed ke zm\u011bn\u011b. Od roku 2023 se t\u011b\u017ei\u0161t\u011b na\u0161\u00ed pr\u00e1ce pomalu, ale jist\u011b p\u0159esouv\u00e1 od v\u00fdkonu soci\u00e1ln\u011b-pr\u00e1vn\u00ed ochrany d\u011bt\u00ed (SPOD) sm\u011brem k&nbsp;odborn\u00e9mu vzd\u011bl\u00e1v\u00e1n\u00ed. Ov\u0161em d\u011bti a&nbsp;rodina z\u016fstanou centr\u00e1ln\u00edmi t\u00e9maty i&nbsp;v&nbsp;t\u011bchto aktivit\u00e1ch.&hellip;<\/p>\n","protected":false},"author":1,"featured_media":0,"parent":0,"menu_order":200,"comment_status":"closed","ping_status":"closed","template":"","meta":{"footnotes":""},"class_list":["post-48","page","type-page","status-publish","hentry"],"_links":{"self":[{"href":"https:\/\/www.team4teen.cz\/family\/wp-json\/wp\/v2\/pages\/48","targetHints":{"allow":["GET"]}}],"collection":[{"href":"https:\/\/www.team4teen.cz\/family\/wp-json\/wp\/v2\/pages"}],"about":[{"href":"https:\/\/www.team4teen.cz\/family\/wp-json\/wp\/v2\/types\/page"}],"author":[{"embeddable":true,"href":"https:\/\/www.team4teen.cz\/family\/wp-json\/wp\/v2\/users\/1"}],"replies":[{"embeddable":true,"href":"https:\/\/www.team4teen.cz\/family\/wp-json\/wp\/v2\/comments?post=48"}],"version-history":[{"count":15,"href":"https:\/\/www.team4teen.cz\/family\/wp-json\/wp\/v2\/pages\/48\/revisions"}],"predecessor-version":[{"id":2875,"href":"https:\/\/www.team4teen.cz\/family\/wp-json\/wp\/v2\/pages\/48\/revisions\/2875"}],"wp:attachment":[{"href":"https:\/\/www.team4teen.cz\/family\/wp-json\/wp\/v2\/media?parent=48"}],"curies":[{"name":"wp","href":"https:\/\/api.w.org\/{rel}","templated":true}]}}