{"id":107,"date":"2017-02-07T18:57:23","date_gmt":"2017-02-07T17:57:23","guid":{"rendered":"http:\/\/www.team4teen.cz\/junior\/?page_id=107"},"modified":"2017-03-01T01:25:50","modified_gmt":"2017-03-01T00:25:50","slug":"dokumenty","status":"publish","type":"page","link":"https:\/\/www.team4teen.cz\/junior\/o-nas\/dokumenty\/","title":{"rendered":"Dokumenty"},"content":{"rendered":"<h3>\n\t\tDokumenty<br \/>\n\t<\/h3>\n<p>P\u0159ihl\u00e1\u0161ka do JUNIOR team4teen: <a href=\"http:\/\/www.team4teen.cz\/junior\/wp-content\/uploads\/sites\/5\/2017\/02\/Prihlaska_JT4T_2017.pdf\">form\u00e1t PDF<\/a> \/\u00a0 <a href=\"http:\/\/www.team4teen.cz\/junior\/wp-content\/uploads\/sites\/5\/2017\/02\/Prihlaska_JT4T_2017.docx\">form\u00e1t DOC<\/a><\/p>\n<p>Stanovy spolku: <a href=\"http:\/\/www.team4teen.cz\/wp-content\/uploads\/2017\/01\/T4T-Stanovy_2017.pdf\">form\u00e1t PDF<\/a><\/p>\n<p>Spolek je veden ve spolkov\u00e9m rejst\u0159\u00edku u&nbsp;Krajsk\u00e9ho soudu v&nbsp;\u010cesk\u00fdch Bud\u011bjovic\u00edch: odd\u00edl L, vlo\u017eka 7162.<\/p>\n<p>&nbsp;<\/p>\n<p>&nbsp;<\/p>\n<p><img loading=\"lazy\" decoding=\"async\" src=\"http:\/\/www.team4teen.cz\/junior\/wp-content\/uploads\/sites\/5\/2017\/02\/pexels-photo-294674-300x200.jpeg\" alt=\"\" width=\"551\" height=\"367\" \/><\/p>\n","protected":false},"excerpt":{"rendered":"<p>Dokumenty P\u0159ihl\u00e1\u0161ka do JUNIOR team4teen: form\u00e1t PDF \/\u00a0 form\u00e1t DOC Stanovy spolku: form\u00e1t PDF Spolek je veden ve spolkov\u00e9m rejst\u0159\u00edku u&nbsp;Krajsk\u00e9ho soudu v&nbsp;\u010cesk\u00fdch Bud\u011bjovic\u00edch: odd\u00edl L, vlo\u017eka 7162. &nbsp; &nbsp;<\/p>\n","protected":false},"author":1,"featured_media":0,"parent":15,"menu_order":160,"comment_status":"closed","ping_status":"closed","template":"","meta":{"footnotes":""},"class_list":["post-107","page","type-page","status-publish","hentry"],"_links":{"self":[{"href":"https:\/\/www.team4teen.cz\/junior\/wp-json\/wp\/v2\/pages\/107","targetHints":{"allow":["GET"]}}],"collection":[{"href":"https:\/\/www.team4teen.cz\/junior\/wp-json\/wp\/v2\/pages"}],"about":[{"href":"https:\/\/www.team4teen.cz\/junior\/wp-json\/wp\/v2\/types\/page"}],"author":[{"embeddable":true,"href":"https:\/\/www.team4teen.cz\/junior\/wp-json\/wp\/v2\/users\/1"}],"replies":[{"embeddable":true,"href":"https:\/\/www.team4teen.cz\/junior\/wp-json\/wp\/v2\/comments?post=107"}],"version-history":[{"count":8,"href":"https:\/\/www.team4teen.cz\/junior\/wp-json\/wp\/v2\/pages\/107\/revisions"}],"predecessor-version":[{"id":202,"href":"https:\/\/www.team4teen.cz\/junior\/wp-json\/wp\/v2\/pages\/107\/revisions\/202"}],"up":[{"embeddable":true,"href":"https:\/\/www.team4teen.cz\/junior\/wp-json\/wp\/v2\/pages\/15"}],"wp:attachment":[{"href":"https:\/\/www.team4teen.cz\/junior\/wp-json\/wp\/v2\/media?parent=107"}],"curies":[{"name":"wp","href":"https:\/\/api.w.org\/{rel}","templated":true}]}}