{"id":71,"date":"2017-02-07T17:55:13","date_gmt":"2017-02-07T16:55:13","guid":{"rendered":"http:\/\/www.team4teen.cz\/junior\/?page_id=71"},"modified":"2017-04-21T10:39:29","modified_gmt":"2017-04-21T08:39:29","slug":"soustredeni","status":"publish","type":"page","link":"https:\/\/www.team4teen.cz\/junior\/soustredeni\/","title":{"rendered":"Soust\u0159ed\u011bn\u00ed"},"content":{"rendered":"<h3>\n\t\t<a href=\"http:\/\/www.team4teen.cz\/junior\/soustredeni\/\" title=\"Soust\u0159ed\u011bn\u00ed\" target=\"_self\"><br \/>\n\t\tSoust\u0159ed\u011bn\u00ed<br \/>\n\t\t<\/a><br \/>\n\t<\/h3>\n<p>Soust\u0159ed\u011bn\u00ed nab\u00edz\u00ed mo\u017enost intenzivn\u00ed pr\u00e1ce na vybran\u00e9 oblasti mu\u0161ka\u0159sk\u00fdch dovednost\u00ed a\/nebo znalost\u00ed, p\u0159\u00edpadn\u011b tak\u00e9 mo\u017enost jejich prov\u011b\u0159en\u00ed a&nbsp;vypilov\u00e1n\u00ed p\u0159ed z\u00e1vody. Podle toho organizujeme soust\u0159ed\u011bn\u00ed vaza\u010dsk\u00e1 (v\u00e1z\u00e1n\u00ed mu\u0161ek), kter\u00e1 realizujeme i&nbsp;v\u00a0zimn\u00edm obdob\u00ed, soust\u0159ed\u011bn\u00ed zam\u011b\u0159en\u00e1 na jeden vybran\u00fd zp\u016fsob lovu (such\u00e1 mu\u0161ka, mokr\u00e1 mu\u0161ka, nymfa, streamer), soust\u0159ed\u011bn\u00ed zam\u011b\u0159en\u00e1 na zvl\u00e1dnut\u00ed ur\u010dit\u00e9ho typu toku (mal\u00e1 \u0159eka, velk\u00e1 \u0159eka, jezero) a&nbsp;\u201e\u010dten\u00ed\u201c vody, apod.<\/p>\n<p>Nej\u010dast\u011bj\u0161\u00ed a&nbsp;nejobl\u00edben\u011bj\u0161\u00ed destinace jsou Voly\u0148ka, Blanice a&nbsp;horn\u00ed Vltava jako mal\u00e9 toky, Otava a&nbsp;Vltava pod Lipnem jako velk\u00e9 toky a&nbsp;Zd\u00edkovec, K\u0159esanov, Polka a&nbsp;Leopoldov jako jezera.<\/p>\n<p>Soust\u0159ed\u011bn\u00ed jsou po&nbsp;cel\u00fd rok obvykle <strong>jednodenn\u00ed<\/strong> \u010di&nbsp;<strong>v\u00edkendov\u00e1,<\/strong> v\u00a0dob\u011b letn\u00edch pr\u00e1zdnin pak i&nbsp;del\u0161\u00ed, obvykle <strong>t\u00fddenn\u00ed<\/strong>.<\/p>\n<p>V\u00a0l\u00e9t\u011b pak po\u0159\u00e1d\u00e1me vedle soust\u0159ed\u011bn\u00ed pro r\u016fzn\u011b pokro\u010dil\u00e9 tak\u00e9 letn\u00ed <strong>t\u00e1bor<\/strong> pro ve\u0159ejnost, kde se mohou s\u00a0mu\u0161ka\u0159inou sezn\u00e1mit i&nbsp;\u00fapln\u00ed za\u010d\u00e1te\u010dn\u00edci.<\/p>\n<p>Na v\u011bt\u0161inu t\u011bchto akc\u00ed zaji\u0161\u0165uj\u00ed dopravu d\u011bt\u00ed rodi\u010de, p\u0159\u00edpadn\u011b se domlouvaj\u00ed na mo\u017enostech dopravy s\u00a0vedouc\u00edmi individu\u00e1ln\u011b.<\/p>\n<p>\t\t\tJednodenn\u00ed soust\u0159ed\u011bn\u00ed<br \/>\n\t\t\tV\u00edkendov\u00e9 soust\u0159ed\u011bn\u00ed<br \/>\n\t\t\tT\u00fddenn\u00ed letn\u00ed soust\u0159edn\u00ed<br \/>\n\t\t\tLetn\u00ed t\u00e1bor<br \/>\n\t\t\t\tJednodenn\u00ed soust\u0159ed\u011bn\u00ed<\/p>\n<p>Jednodenn\u00ed soust\u0159ed\u011bn\u00ed jsou nej\u010dast\u011bji vaza\u010dsk\u00e1, ale tak\u00e9 je organizujeme jako kr\u00e1tk\u00e9 tr\u00e9ninkov\u00e9 v\u00fdpravy na okoln\u00ed toky ve voln\u00fdch dnech, tj.&nbsp;o&nbsp;v\u00edkendech \u010di&nbsp;o&nbsp;pr\u00e1zdnin\u00e1ch.Pro informace o&nbsp;p\u0159ipravovan\u00fdch akc\u00edch sledujte informace v\u00a0sekci <a href=\"http:\/\/www.team4teen.cz\/junior\/aktuality\/\">Aktuality<\/a>.<\/p>\n<p>\t\t\t\tV\u00edkendov\u00e9 soust\u0159ed\u011bn\u00ed<\/p>\n<p>V\u00edkendov\u00e1 soust\u0159ed\u011bn\u00ed jsou nej\u010dast\u011bji kombinovan\u00e1, kdy je v\u00a0programu zdokonalov\u00e1n\u00ed v\u00a0praktick\u00e9m lovu i&nbsp;v\u00e1z\u00e1n\u00ed mu\u0161ek, ale obvykle tak\u00e9 n\u011bjak\u00e1 teorie, nap\u0159.&nbsp;z\u00a0entomologie \u010di&nbsp;legislativn\u00edch novinek apod. Podle pot\u0159eby a&nbsp;ro\u010dn\u00edho obdob\u00ed v\u0161ak mohou b\u00fdt i&nbsp;v\u00edkendov\u00e1 soust\u0159ed\u011bn\u00ed monotematick\u00e1, nap\u0159.&nbsp;pouze ur\u010dit\u00e1 technika lovu nebo v\u00a0zim\u011b ryze vaza\u010dsk\u00e1.Tato soust\u0159ed\u011bn\u00ed se konaj\u00ed minim\u00e1ln\u011b od sobotn\u00edho r\u00e1na do ned\u011bln\u00edho podve\u010dera, ale mohou za\u010d\u00ednat tak\u00e9 v\u00a0p\u00e1tek odpoledne, nebo \u2013 v\u00a0p\u0159\u00edpad\u011b prodlou\u017een\u00fdch v\u00edkend\u016f o&nbsp;pr\u00e1zdnin\u00e1ch \u2013 i&nbsp;d\u0159\u00edve.<\/p>\n<p>Pro informace o&nbsp;p\u0159ipravovan\u00fdch akc\u00edch sledujte informace v\u00a0sekci <a href=\"http:\/\/www.team4teen.cz\/junior\/aktuality\/\">Aktuality<\/a>.<\/p>\n<p>\t\t\t\tT\u00fddenn\u00ed letn\u00ed soust\u0159edn\u00ed<\/p>\n<p>Letn\u00ed soust\u0159ed\u011bn\u00ed je ur\u010deno pro pokro\u010dilej\u0161\u00ed mu\u0161ka\u0159e a&nbsp;je obvykle organizov\u00e1no jako kombinovan\u00e9, kdy je v\u00a0programu zdokonalov\u00e1n\u00ed v\u00a0r\u016fzn\u00fdch discipl\u00edn\u00e1ch praktick\u00e9ho lovu i&nbsp;v\u00e1z\u00e1n\u00ed mu\u0161ek, ale samoz\u0159ejm\u011b tak\u00e9 teorie. Je to tak\u00e9 soust\u0159ed\u011bn\u00ed intenzivn\u00ed, kde m\u00e1 mu\u0161ka\u0159ina v\u00a0programu naprostou prioritu, tak\u017ee nam\u00edsto relaxa\u010dn\u00edho poleh\u00e1v\u00e1n\u00ed na dece \u010dek\u00e1 \u00fa\u010dastn\u00edky sp\u00ed\u0161 tr\u00e9ninkov\u00fd maraton. Na z\u00e1bavu je ale tak\u00e9 my\u0161leno a&nbsp;samoz\u0159ejmost\u00ed je i&nbsp;t\u00e1borov\u00fd z\u00e1vod, kde si \u00fa\u010dastn\u00edci vyzkou\u0161\u00ed, jak to na mu\u0161ka\u0159sk\u00fdch z\u00e1vodech chod\u00ed.Tato soust\u0159ed\u011bn\u00ed se konaj\u00ed obvykle od soboty do soboty, zpravidla za\u010d\u00edn\u00e1me tepl\u00fdm ob\u011bdem a&nbsp;kon\u010d\u00edme studen\u00fdm ob\u011bdov\u00fdm bal\u00ed\u010dkem.<\/p>\n<p>Pro informace o&nbsp;p\u0159ipravovan\u00fdch akc\u00edch sledujte informace v\u00a0sekci <a href=\"http:\/\/www.team4teen.cz\/junior\/aktuality\/\">Aktuality<\/a>.<\/p>\n<p>\t\t\t\tLetn\u00ed t\u00e1bor<\/p>\n<p><strong>Letn\u00ed t\u00e1bor je<\/strong>, na rozd\u00edl od letn\u00edho t\u00fddenn\u00edho soust\u0159ed\u011bn\u00ed, <strong>otev\u0159en i&nbsp;\u00fapln\u00fdm za\u010d\u00e1te\u010dn\u00edk\u016fm<\/strong> a&nbsp;mnohem v\u00edce prostoru je b\u011bhem n\u011bj v\u011bnov\u00e1no typick\u00fdm letn\u00edm rekrea\u010dn\u00edm aktivit\u00e1m. I&nbsp;tak je v\u0161ak zam\u011b\u0159en na ryba\u0159inu (na v\u0161eobecnou i&nbsp;na mu\u0161ka\u0159en\u00ed), jde tedy o&nbsp;t\u00e1bor s\u00a0p\u0159edev\u0161\u00edm ryb\u00e1\u0159sk\u00fdm programem a&nbsp;v\u00fdukou ryba\u0159en\u00ed.<\/p>\n<p>V\u00a0programu je sezn\u00e1men\u00ed s\u00a0r\u016fzn\u00fdmi discipl\u00ednami praktick\u00e9ho lovu v\u010detn\u011b p\u0159\u00edpravy udice, ale samoz\u0159ejm\u011b tak\u00e9 teorie od sezn\u00e1men\u00ed s\u00a0druhy ryb p\u0159es vodn\u00ed \u017eivo\u010dichy a&nbsp;rostliny a\u017e po&nbsp;ryb\u00e1\u0159sk\u00e1 pravidla a&nbsp;povinnosti. Je to v\u0161ak tak\u00e9 odpo\u010dinkov\u00e1 akce, tak\u017ee vedle ryba\u0159en\u00ed je my\u0161leno tak\u00e9 na hry, v\u00fdlety a&nbsp;dal\u0161\u00ed z\u00e1bavu, samoz\u0159ejmost\u00ed je i&nbsp;t\u00e1borov\u00e1 sout\u011b\u017e.<\/p>\n<p>T\u00e1bory se konaj\u00ed obvykle od soboty do soboty, zpravidla za\u010d\u00edn\u00e1me tepl\u00fdm ob\u011bdem a&nbsp;kon\u010d\u00edme studen\u00fdm ob\u011bdov\u00fdm bal\u00ed\u010dkem.<\/p>\n<p>Pro informace o&nbsp;p\u0159ipravovan\u00fdch akc\u00edch sledujte informace v\u00a0sekci <a href=\"http:\/\/www.team4teen.cz\/junior\/aktuality\/\">Aktuality<\/a>.<\/p>\n<h4>P\u0159ihla\u0161ovac\u00ed formul\u00e1\u0159 pro letn\u00ed soust\u0159ed\u011bn\u00ed 2017<\/h4>\n<p><a href=\"http:\/\/www.team4teen.cz\/junior\/wp-content\/uploads\/sites\/5\/2017\/04\/Letni_muskarske_soustredeni_2017-Prihlaska.doc\">St\u00e1hnout zde &gt;&gt;<\/a>\u00a0 (Word .doc)<\/p>\n","protected":false},"excerpt":{"rendered":"<p>Soust\u0159ed\u011bn\u00ed Soust\u0159ed\u011bn\u00ed nab\u00edz\u00ed mo\u017enost intenzivn\u00ed pr\u00e1ce na vybran\u00e9 oblasti mu\u0161ka\u0159sk\u00fdch dovednost\u00ed a\/nebo znalost\u00ed, p\u0159\u00edpadn\u011b tak\u00e9 mo\u017enost jejich prov\u011b\u0159en\u00ed a&nbsp;vypilov\u00e1n\u00ed p\u0159ed z\u00e1vody. Podle toho organizujeme soust\u0159ed\u011bn\u00ed vaza\u010dsk\u00e1 (v\u00e1z\u00e1n\u00ed mu\u0161ek), kter\u00e1 realizujeme i&nbsp;v\u00a0zimn\u00edm obdob\u00ed, soust\u0159ed\u011bn\u00ed zam\u011b\u0159en\u00e1 na jeden vybran\u00fd zp\u016fsob lovu (such\u00e1 mu\u0161ka, mokr\u00e1 mu\u0161ka, nymfa, streamer), soust\u0159ed\u011bn\u00ed zam\u011b\u0159en\u00e1 na zvl\u00e1dnut\u00ed ur\u010dit\u00e9ho typu toku (mal\u00e1 \u0159eka, velk\u00e1&hellip;<\/p>\n","protected":false},"author":1,"featured_media":0,"parent":0,"menu_order":300,"comment_status":"closed","ping_status":"closed","template":"","meta":{"footnotes":""},"class_list":["post-71","page","type-page","status-publish","hentry"],"_links":{"self":[{"href":"https:\/\/www.team4teen.cz\/junior\/wp-json\/wp\/v2\/pages\/71","targetHints":{"allow":["GET"]}}],"collection":[{"href":"https:\/\/www.team4teen.cz\/junior\/wp-json\/wp\/v2\/pages"}],"about":[{"href":"https:\/\/www.team4teen.cz\/junior\/wp-json\/wp\/v2\/types\/page"}],"author":[{"embeddable":true,"href":"https:\/\/www.team4teen.cz\/junior\/wp-json\/wp\/v2\/users\/1"}],"replies":[{"embeddable":true,"href":"https:\/\/www.team4teen.cz\/junior\/wp-json\/wp\/v2\/comments?post=71"}],"version-history":[{"count":16,"href":"https:\/\/www.team4teen.cz\/junior\/wp-json\/wp\/v2\/pages\/71\/revisions"}],"predecessor-version":[{"id":265,"href":"https:\/\/www.team4teen.cz\/junior\/wp-json\/wp\/v2\/pages\/71\/revisions\/265"}],"wp:attachment":[{"href":"https:\/\/www.team4teen.cz\/junior\/wp-json\/wp\/v2\/media?parent=71"}],"curies":[{"name":"wp","href":"https:\/\/api.w.org\/{rel}","templated":true}]}}