{"id":86,"date":"2017-02-07T18:26:12","date_gmt":"2017-02-07T17:26:12","guid":{"rendered":"http:\/\/www.team4teen.cz\/junior\/?page_id=86"},"modified":"2017-02-13T12:38:24","modified_gmt":"2017-02-13T11:38:24","slug":"clenstvi","status":"publish","type":"page","link":"https:\/\/www.team4teen.cz\/junior\/clenstvi\/","title":{"rendered":"\u010clenstv\u00ed"},"content":{"rendered":"<h3>\n\t\t\u010clenstv\u00ed<br \/>\n\t<\/h3>\n<p>\u010clenem Junior team4teen (JT4T) se m\u016f\u017ee st\u00e1t <strong>osoba star\u0161\u00ed deseti (10) let<\/strong>, kter\u00e1 po\u017e\u00e1d\u00e1 o&nbsp;p\u0159ijet\u00ed za \u010dlena JT4T vypln\u011bn\u00edm <a href=\"http:\/\/www.team4teen.cz\/junior\/o-nas\/dokumenty\/\">p\u0159ihl\u00e1\u0161ky<\/a> za \u010dlena JT4T a&nbsp;jej\u00edm doru\u010den\u00edm p\u0159edsedovi JT4T, spln\u00ed podm\u00ednky pro p\u0159ijet\u00ed za \u010dlena klubu JT4T a&nbsp;zav\u00e1\u017ee se jednat v&nbsp;souladu se stanovami a&nbsp;dal\u0161\u00edmi vnit\u0159n\u00edmi p\u0159edpisy spolku.<\/p>\n<p>V p\u0159\u00edpad\u011b osoby mlad\u0161\u00ed osmn\u00e1cti (18) let je vznik \u010dlenstv\u00ed ve spolku podm\u00edn\u011bn souhlasem z\u00e1konn\u00e9ho z\u00e1stupce t\u00e9to osoby. \u010clenstv\u00ed v&nbsp;pobo\u010dn\u00e9m spolku vznik\u00e1 rozhodnut\u00edm p\u0159edsedy JT4T.<\/p>\n<p>\u0158\u00e1dn\u00fdmi \u010dleny JT4T jsou osoby ve v\u011bku 10 \u2013 26 let, osoby star\u0161\u00ed ne\u017e 26 let se bu\u010f mohou st\u00e1t \u010dleny mu\u0161ka\u0159sk\u00e9ho klubu dosp\u011bl\u00fdch v\u00a0r\u00e1mci \u010dinnosti hlavn\u00edho spolku <a href=\"http:\/\/www.team4teen.cz\/\">team4teen, z.s.<\/a>, nebo spolupracovat v\u00a0r\u00e1mci JT4T jako vedouc\u00ed a&nbsp;tren\u00e9\u0159i ml\u00e1de\u017ee.<\/p>\n<p>&nbsp;<\/p>\n<p><strong>\u010clensk\u00fd p\u0159\u00edsp\u011bvek pro rok 2017 \u010din\u00ed 500&nbsp;K\u010d a&nbsp;p\u0159in\u00e1\u0161\u00ed \u010dlenovi p\u0159edev\u0161\u00edm tyto v\u00fdhody:<\/strong><\/p>\n<ul>\n<li>sn\u00ed\u017een\u00ed p\u0159\u00edsp\u011bvku na \u010dinnost mu\u0161ka\u0159sk\u00e9ho krou\u017eku o&nbsp;50&nbsp;%;<\/li>\n<li>sn\u00ed\u017een\u00ed p\u0159\u00edsp\u011bvku na soust\u0159ed\u011bn\u00ed, p\u0159edn\u00e1\u0161ky a&nbsp;workshopy o&nbsp;20&nbsp;%;<\/li>\n<li>sn\u00ed\u017een\u00ed p\u0159\u00edsp\u011bvku na \u00fadr\u017ebu a&nbsp;obnovu zap\u016fj\u010den\u00e9ho vybaven\u00ed o&nbsp;50&nbsp;%;<\/li>\n<li>sn\u00ed\u017een\u00ed p\u0159\u00edsp\u011bvku na letn\u00ed t\u00e1bor o&nbsp;20&nbsp;%;<\/li>\n<li>sn\u00ed\u017een\u00ed p\u0159\u00edsp\u011bvku na letn\u00ed t\u00e1bor pro sourozence \u010dlena o&nbsp;10&nbsp;%;<\/li>\n<li>sn\u00ed\u017een\u00ed p\u0159\u00edsp\u011bvku na vybran\u00e9 akce team4teen pro rodinn\u00e9 p\u0159\u00edslu\u0161n\u00edky \u010dlena o&nbsp;10&nbsp;%;<\/li>\n<li>p\u0159ednostn\u00ed po\u0159ad\u00ed p\u0159i&nbsp;p\u016fj\u010dov\u00e1n\u00ed vybaven\u00ed;<\/li>\n<li>p\u0159ednostn\u00ed p\u0159ihla\u0161ov\u00e1n\u00ed na po\u0159\u00e1dan\u00e9 akce;<\/li>\n<li>akce v\u00fdhradn\u011b jen pro \u010dleny;<\/li>\n<li>slevov\u00e9 akce u&nbsp;vybran\u00fdch spolupracuj\u00edc\u00edch prodejc\u016f materi\u00e1l\u016f a&nbsp;vybaven\u00ed;<\/li>\n<li>p\u0159\u00edsp\u011bvky na startovn\u00e9 p\u0159i&nbsp;\u00fa\u010dasti na z\u00e1vodech a\u017e do v\u00fd\u0161e 100&nbsp;%;<\/li>\n<\/ul>\n<p>a p\u0159\u00edpadn\u011b dal\u0161\u00ed v\u00fdhody stanoven\u00e9 Radou hlavn\u00edho spolku nebo p\u0159edsedou JT4T.<\/p>\n<p>&nbsp;<\/p>\n<p>Dal\u0161\u00ed podrobnosti \u010dlenstv\u00ed se \u0159\u00edd\u00ed <a href=\"http:\/\/www.team4teen.cz\/t4t\/dokumenty\/\">stanovami<\/a> spolku a&nbsp;p\u0159\u00edpadn\u011b dal\u0161\u00edmi vnit\u0159n\u00edmi p\u0159edpisy.<\/p>\n<p>&nbsp;<\/p>\n","protected":false},"excerpt":{"rendered":"<p>\u010clenstv\u00ed \u010clenem Junior team4teen (JT4T) se m\u016f\u017ee st\u00e1t osoba star\u0161\u00ed deseti (10) let, kter\u00e1 po\u017e\u00e1d\u00e1 o&nbsp;p\u0159ijet\u00ed za \u010dlena JT4T vypln\u011bn\u00edm p\u0159ihl\u00e1\u0161ky za \u010dlena JT4T a&nbsp;jej\u00edm doru\u010den\u00edm p\u0159edsedovi JT4T, spln\u00ed podm\u00ednky pro p\u0159ijet\u00ed za \u010dlena klubu JT4T a&nbsp;zav\u00e1\u017ee se jednat v&nbsp;souladu se stanovami a&nbsp;dal\u0161\u00edmi vnit\u0159n\u00edmi p\u0159edpisy spolku. V&nbsp;p\u0159\u00edpad\u011b osoby mlad\u0161\u00ed osmn\u00e1cti (18) let je vznik&hellip;<\/p>\n","protected":false},"author":1,"featured_media":0,"parent":0,"menu_order":500,"comment_status":"closed","ping_status":"closed","template":"","meta":{"footnotes":""},"class_list":["post-86","page","type-page","status-publish","hentry"],"_links":{"self":[{"href":"https:\/\/www.team4teen.cz\/junior\/wp-json\/wp\/v2\/pages\/86","targetHints":{"allow":["GET"]}}],"collection":[{"href":"https:\/\/www.team4teen.cz\/junior\/wp-json\/wp\/v2\/pages"}],"about":[{"href":"https:\/\/www.team4teen.cz\/junior\/wp-json\/wp\/v2\/types\/page"}],"author":[{"embeddable":true,"href":"https:\/\/www.team4teen.cz\/junior\/wp-json\/wp\/v2\/users\/1"}],"replies":[{"embeddable":true,"href":"https:\/\/www.team4teen.cz\/junior\/wp-json\/wp\/v2\/comments?post=86"}],"version-history":[{"count":3,"href":"https:\/\/www.team4teen.cz\/junior\/wp-json\/wp\/v2\/pages\/86\/revisions"}],"predecessor-version":[{"id":180,"href":"https:\/\/www.team4teen.cz\/junior\/wp-json\/wp\/v2\/pages\/86\/revisions\/180"}],"wp:attachment":[{"href":"https:\/\/www.team4teen.cz\/junior\/wp-json\/wp\/v2\/media?parent=86"}],"curies":[{"name":"wp","href":"https:\/\/api.w.org\/{rel}","templated":true}]}}